{"id":74,"date":"2026-01-30T17:28:17","date_gmt":"2026-01-30T16:28:17","guid":{"rendered":"https:\/\/www.lequilibreenmouvement.fr\/?page_id=74"},"modified":"2026-03-11T09:36:47","modified_gmt":"2026-03-11T08:36:47","slug":"en-entreprise","status":"publish","type":"page","link":"https:\/\/www.lequilibreenmouvement.fr\/index.php\/en-entreprise\/","title":{"rendered":"En entreprise"},"content":{"rendered":"<div data-colibri-id=\"74-c1\" class=\"style-381 style-local-74-c1 position-relative\">\n  <!---->\n  <div data-colibri-component=\"section\" data-colibri-id=\"74-c2\" id=\"about\" class=\"h-section h-section-global-spacing d-flex align-items-lg-center align-items-md-center align-items-center style-382 style-local-74-c2 position-relative\">\n    <div class=\"background-wrapper\">\n      <div class=\"background-layer background-layer-media-container-lg\">\n        <!---->\n        <div class=\"overlay-layer\">\n          <div class=\"overlay-image-layer\" style=\"background-color: rgb(246, 248, 250); opacity: 0.9;\"><\/div>\n        <\/div>\n      <\/div>\n      <div class=\"background-layer background-layer-media-container-md\">\n        <!---->\n        <div class=\"overlay-layer\">\n          <div class=\"overlay-image-layer\" style=\"background-color: rgb(246, 248, 250); opacity: 0.9;\"><\/div>\n        <\/div>\n      <\/div>\n      <div class=\"background-layer background-layer-media-container\">\n        <!---->\n        <div class=\"overlay-layer\">\n          <div class=\"overlay-image-layer\" style=\"background-color: rgb(246, 248, 250); opacity: 0.9;\"><\/div>\n        <\/div>\n      <\/div>\n    <\/div>\n    <!---->\n    <div class=\"h-section-grid-container h-section-boxed-container\">\n      <!---->\n      <div data-colibri-id=\"74-c3\" class=\"h-row-container gutters-row-lg-0 gutters-row-md-0 gutters-row-0 gutters-row-v-lg-0 gutters-row-v-md-0 gutters-row-v-0 style-383 style-local-74-c3 position-relative\">\n        <!---->\n        <div class=\"h-row justify-content-lg-center justify-content-md-center justify-content-center align-items-lg-stretch align-items-md-stretch align-items-stretch gutters-col-lg-0 gutters-col-md-0 gutters-col-0 gutters-col-v-lg-0 gutters-col-v-md-0 gutters-col-v-0\">\n          <!---->\n          <div class=\"h-column h-column-container d-flex h-col-lg-auto h-col-md-auto h-col-auto style-384-outer style-local-74-c4-outer\">\n            <div data-colibri-id=\"74-c4\" class=\"d-flex h-flex-basis h-column__inner h-px-lg-3 h-px-md-3 h-px-3 v-inner-lg-3 v-inner-md-3 v-inner-3 style-384 style-local-74-c4 position-relative\">\n              <!---->\n              <!---->\n              <div class=\"w-100 h-y-container h-column__content h-column__v-align flex-basis-100 align-self-lg-center align-self-md-center align-self-center\">\n                <!---->\n                <div data-colibri-id=\"74-c5\" class=\"h-text h-text-component style-446 style-local-74-c5 position-relative h-element\">\n                  <!---->\n                  <!---->\n                  <div class=\"\">\n                    <h3>Le Taichi Chuan favorise le bien-\u00eatre du chef d&rsquo;entreprise et des collaborateurs<\/h3>\n                    <h2><span style=\"font-weight: 400; font-size: 16px; font-family: &quot;Open Sans&quot;; color: rgb(0, 0, 0);\"> <\/span><\/h2>\n                    <p><span style=\"font-weight: 400; font-size: 16px; font-family: &quot;Open Sans&quot;; color: rgb(0, 0, 0);\"> <\/span><\/p>\n                  <\/div>\n                <\/div>\n                <div data-colibri-id=\"74-c6\" class=\"h-global-transition-all h-heading style-385 style-local-74-c6 position-relative h-element\">\n                  <!---->\n                  <div class=\"h-heading__outer style-385 style-local-74-c6\">\n                    <!---->\n                    <!---->\n                    <h4 class=\"\">Pourquoi pratiquer en entreprise ?<\/h4>\n                  <\/div>\n                <\/div>\n                <div data-colibri-id=\"74-c7\" class=\"h-text h-text-component style-386 style-local-74-c7 position-relative h-element\">\n                  <!---->\n                  <!---->\n                  <div class=\"\">\n                    <p>Besoin de moment de calme dans la journ\u00e9e<\/p>\n                    <ul>\n                      <li>Les mouvements lents coordonn\u00e9s \u00e0 la respiration calment le syst\u00e8me nerveux et r\u00e9duisent le stress, avec une vraie sensation de d\u00e9tente apr\u00e8s la s\u00e9ance.<\/li>\n                      <li>Quand on cherche \u00e0 sortir du \u00ab\u202ftrop plein\u202f\u00bb (travail, charge mentale, \u00e9crans\u2026), le taichi offre un cadre r\u00e9gulier pour rel\u00e2cher la pression sans se faire violence.<\/li>\n                    <\/ul>\n                    <p>\n                      <br>\n                    <\/p>\n                    <p>Envies de mieux r\u00e9habiter ton corps apr\u00e8s des heures pass\u00e9es assis<\/p>\n                    <ul>\n                      <li>Le taichi am\u00e9liore l\u2019\u00e9quilibre, la souplesse articulaire et la posture, ce qui attire souvent ceux qui sentent des raideurs ou un manque de tonicit\u00e9 mais ne veulent pas d\u2019un sport brutal.<\/li>\n                      <li>Beaucoup de personnes le choisissent parce qu\u2019elles ressentent rapidement un ancrage plus solide, une conscience plus fine des appuis et des mouvements.<\/li>\n                    <\/ul>\n                    <p>\n                      <br>\n                    <\/p>\n                    <p>Recherche de recentrage au milieu de la journ\u00e9e<\/p>\n                    <ul>\n                      <li>Le taichi est \u00e0 la fois activit\u00e9 physique, pratique m\u00e9ditative et travail \u00e9nerg\u00e9tique, ce qui en fait une voie de&nbsp;bien-\u00eatre&nbsp;globale plut\u00f4t qu\u2019un simple \u00ab cours de sport \u00bb.<\/li>\n                      <li>Cette dimension int\u00e9rieure (\u00e9coute de soi, pr\u00e9sence, douceur envers son corps) attire souvent ceux qui sont d\u00e9j\u00e0 sensibles au d\u00e9veloppement personnel ou aux approches de sant\u00e9 int\u00e9grative.<\/li>\n                    <\/ul>\n                    <p>\n                      <br>\n                    <\/p>\n                    <p>Besoin de cadre et de r\u00e9gularit\u00e9<\/p>\n                    <ul>\n                      <li>Adh\u00e9rer plut\u00f4t que juste tester, c\u2019est souvent le signe que tu as ressenti d\u00e8s la s\u00e9ance d\u2019essai que \u00ab \u00e7a te fait du bien \u00bb et que tu avais envie d\u2019un rendez\u2011vous fixe pour toi dans la semaine.<\/li>\n                    <\/ul>\n                    <p>Le groupe et l\u2019enseignant offrent un cadre soutenant, qui aide \u00e0 tenir dans le temps une pratique b\u00e9n\u00e9fique mais tr\u00e8s douce, donc sans notion de performance.<\/p>\n                  <\/div>\n                <\/div>\n                <div data-colibri-id=\"74-c8\" class=\"style-391 style-local-74-c8 position-relative h-element\">\n                  <!---->\n                  <div class=\"\"><div class=\"nta_wa_button\" data-id=\"50\" data-info=\"{&quot;name&quot;:&quot;Emmanuel&quot;,&quot;info&quot;:{&quot;number&quot;:&quot;+33635565355&quot;,&quot;title&quot;:&quot;&quot;,&quot;predefinedText&quot;:&quot;&quot;,&quot;willBeBackText&quot;:&quot;I will be back in [njwa_time_work]&quot;,&quot;dayOffsText&quot;:&quot;I will be back soon&quot;,&quot;isAlwaysAvailable&quot;:&quot;ON&quot;,&quot;daysOfWeekWorking&quot;:{&quot;sunday&quot;:{&quot;isWorkingOnDay&quot;:&quot;OFF&quot;,&quot;workHours&quot;:[{&quot;startTime&quot;:&quot;08:00&quot;,&quot;endTime&quot;:&quot;17:30&quot;}]},&quot;monday&quot;:{&quot;isWorkingOnDay&quot;:&quot;OFF&quot;,&quot;workHours&quot;:[{&quot;startTime&quot;:&quot;08:00&quot;,&quot;endTime&quot;:&quot;17:30&quot;}]},&quot;tuesday&quot;:{&quot;isWorkingOnDay&quot;:&quot;OFF&quot;,&quot;workHours&quot;:[{&quot;startTime&quot;:&quot;08:00&quot;,&quot;endTime&quot;:&quot;17:30&quot;}]},&quot;wednesday&quot;:{&quot;isWorkingOnDay&quot;:&quot;OFF&quot;,&quot;workHours&quot;:[{&quot;startTime&quot;:&quot;08:00&quot;,&quot;endTime&quot;:&quot;17:30&quot;}]},&quot;thursday&quot;:{&quot;isWorkingOnDay&quot;:&quot;OFF&quot;,&quot;workHours&quot;:[{&quot;startTime&quot;:&quot;08:00&quot;,&quot;endTime&quot;:&quot;17:30&quot;}]},&quot;friday&quot;:{&quot;isWorkingOnDay&quot;:&quot;OFF&quot;,&quot;workHours&quot;:[{&quot;startTime&quot;:&quot;08:00&quot;,&quot;endTime&quot;:&quot;17:30&quot;}]},&quot;saturday&quot;:{&quot;isWorkingOnDay&quot;:&quot;OFF&quot;,&quot;workHours&quot;:[{&quot;startTime&quot;:&quot;08:00&quot;,&quot;endTime&quot;:&quot;17:30&quot;}]}}},&quot;styles&quot;:{&quot;type&quot;:&quot;round&quot;,&quot;backgroundColor&quot;:&quot;#2DB742&quot;,&quot;textColor&quot;:&quot;#fff&quot;,&quot;label&quot;:&quot;Besoin d&#039;une estimation de co\\u00fbt ?&quot;,&quot;width&quot;:300,&quot;height&quot;:64},&quot;avatar&quot;:false,&quot;options&quot;:{&quot;display&quot;:{&quot;displayCondition&quot;:&quot;showAllPage&quot;,&quot;includePages&quot;:[],&quot;excludePages&quot;:[],&quot;includePosts&quot;:[],&quot;showOnDesktop&quot;:&quot;ON&quot;,&quot;showOnMobile&quot;:&quot;ON&quot;,&quot;time_symbols&quot;:&quot;h:m&quot;},&quot;styles&quot;:{&quot;title&quot;:&quot;Bonjour&quot;,&quot;responseText&quot;:&quot;The team typically replies in a few minutes.&quot;,&quot;description&quot;:&quot;Hi! Click one of our member below to chat on &lt;strong&gt;WhatsApp&lt;\\\/strong&gt;&quot;,&quot;backgroundColor&quot;:&quot;#2db742&quot;,&quot;textColor&quot;:&quot;#fff&quot;,&quot;titleSize&quot;:&quot;18&quot;,&quot;accountNameSize&quot;:&quot;14&quot;,&quot;descriptionTextSize&quot;:&quot;12&quot;,&quot;regularTextSize&quot;:&quot;11&quot;,&quot;scrollHeight&quot;:&quot;500&quot;,&quot;isShowScroll&quot;:&quot;OFF&quot;,&quot;isShowResponseText&quot;:&quot;OFF&quot;,&quot;btnLabel&quot;:&quot;Disponible ici&quot;,&quot;btnLabelWidth&quot;:&quot;156&quot;,&quot;btnPosition&quot;:&quot;right&quot;,&quot;btnLeftDistance&quot;:&quot;30&quot;,&quot;btnRightDistance&quot;:&quot;30&quot;,&quot;btnBottomDistance&quot;:&quot;30&quot;,&quot;isShowBtnLabel&quot;:&quot;ON&quot;,&quot;isShowGDPR&quot;:&quot;OFF&quot;,&quot;gdprContent&quot;:&quot;Please accept our &lt;a href=\\&quot;https:\\\/\\\/ninjateam.org\\\/privacy-policy\\\/\\&quot;&gt;privacy policy&lt;\\\/a&gt; first to start a conversation.&quot;},&quot;analytics&quot;:{&quot;enabledGoogle&quot;:&quot;OFF&quot;,&quot;enabledFacebook&quot;:&quot;OFF&quot;,&quot;enabledGoogleGA4&quot;:&quot;OFF&quot;}},&quot;gdprStatus&quot;:false,&quot;defaultAvatar&quot;:&quot;https:\\\/\\\/www.lequilibreenmouvement.fr\\\/wp-content\\\/plugins\\\/wp-whatsapp\\\/assets\\\/img\\\/whatsapp_logo.svg&quot;}\"><\/div><\/div>\n                <\/div>\n              <\/div>\n            <\/div>\n          <\/div>\n          <div class=\"h-column h-column-container d-flex h-col-lg-auto h-col-md-auto h-col-auto style-389-outer style-local-74-c9-outer\">\n            <div data-colibri-id=\"74-c9\" class=\"d-flex h-flex-basis h-column__inner h-ui-empty-state-container h-px-lg-2 h-px-md-2 h-px-0 v-inner-lg-2 v-inner-md-2 v-inner-0 style-389 style-local-74-c9 position-relative\">\n              <!---->\n              <!---->\n              <div class=\"w-100 h-y-container h-column__content h-column__v-align flex-basis-100\">\n                <!---->\n              <\/div>\n            <\/div>\n          <\/div>\n        <\/div>\n      <\/div>\n    <\/div>\n  <\/div>\n<\/div>","protected":false},"excerpt":{"rendered":"<p>Le Taichi Chuan favorise le bien-\u00eatre du chef d&rsquo;entreprise et des collaborateurs Pourquoi pratiquer en entreprise ? Besoin de moment de calme dans la journ\u00e9e Les mouvements lents coordonn\u00e9s \u00e0 la respiration calment le syst\u00e8me nerveux et r\u00e9duisent le stress, avec une vraie sensation de d\u00e9tente apr\u00e8s la s\u00e9ance. Quand on cherche \u00e0 sortir du [&hellip;]<\/p>\n","protected":false},"author":1,"featured_media":0,"parent":0,"menu_order":0,"comment_status":"closed","ping_status":"closed","template":"page-templates\/full-width-page.php","meta":{"footnotes":""},"class_list":["post-74","page","type-page","status-publish","hentry"],"jetpack_sharing_enabled":true,"jetpack_likes_enabled":true,"_links":{"self":[{"href":"https:\/\/www.lequilibreenmouvement.fr\/index.php\/wp-json\/wp\/v2\/pages\/74","targetHints":{"allow":["GET"]}}],"collection":[{"href":"https:\/\/www.lequilibreenmouvement.fr\/index.php\/wp-json\/wp\/v2\/pages"}],"about":[{"href":"https:\/\/www.lequilibreenmouvement.fr\/index.php\/wp-json\/wp\/v2\/types\/page"}],"author":[{"embeddable":true,"href":"https:\/\/www.lequilibreenmouvement.fr\/index.php\/wp-json\/wp\/v2\/users\/1"}],"replies":[{"embeddable":true,"href":"https:\/\/www.lequilibreenmouvement.fr\/index.php\/wp-json\/wp\/v2\/comments?post=74"}],"version-history":[{"count":8,"href":"https:\/\/www.lequilibreenmouvement.fr\/index.php\/wp-json\/wp\/v2\/pages\/74\/revisions"}],"predecessor-version":[{"id":728,"href":"https:\/\/www.lequilibreenmouvement.fr\/index.php\/wp-json\/wp\/v2\/pages\/74\/revisions\/728"}],"wp:attachment":[{"href":"https:\/\/www.lequilibreenmouvement.fr\/index.php\/wp-json\/wp\/v2\/media?parent=74"}],"curies":[{"name":"wp","href":"https:\/\/api.w.org\/{rel}","templated":true}]}}