{"id":73,"date":"2026-01-30T17:28:17","date_gmt":"2026-01-30T16:28:17","guid":{"rendered":"https:\/\/www.lequilibreenmouvement.fr\/?page_id=73"},"modified":"2026-03-06T11:12:52","modified_gmt":"2026-03-06T10:12:52","slug":"ou-pratiquer","status":"publish","type":"page","link":"https:\/\/www.lequilibreenmouvement.fr\/index.php\/ou-pratiquer\/","title":{"rendered":"O\u00f9 pratiquer et tarifs"},"content":{"rendered":"<div data-colibri-id=\"73-c1\" class=\"style-365 style-local-73-c1 position-relative\">\n  <!---->\n  <div data-colibri-component=\"section\" data-colibri-id=\"73-c2\" id=\"overlappable\" class=\"h-section h-section-global-spacing d-flex align-items-lg-center align-items-md-center align-items-center style-366 style-local-73-c2 position-relative\">\n    <!---->\n    <!---->\n    <div class=\"h-section-grid-container h-section-boxed-container\">\n      <!---->\n      <div data-colibri-id=\"73-c3\" class=\"h-row-container gutters-row-lg-0 gutters-row-md-0 gutters-row-0 gutters-row-v-lg-0 gutters-row-v-md-0 gutters-row-v-0 style-367 style-local-73-c3 position-relative\">\n        <!---->\n        <div class=\"h-row justify-content-lg-center justify-content-md-center justify-content-center align-items-lg-stretch align-items-md-stretch align-items-stretch gutters-col-lg-0 gutters-col-md-0 gutters-col-0 gutters-col-v-lg-0 gutters-col-v-md-0 gutters-col-v-0\">\n          <!---->\n          <div class=\"h-column h-column-container d-flex h-col-lg-auto h-col-md-auto h-col-auto style-368-outer style-local-73-c4-outer\">\n            <div data-colibri-id=\"73-c4\" class=\"d-flex h-flex-basis h-column__inner h-ui-empty-state-container h-px-lg-0 h-px-md-0 h-px-0 v-inner-lg-0 v-inner-md-0 v-inner-0 style-368 style-local-73-c4 position-relative\">\n              <!---->\n              <!---->\n              <div class=\"w-100 h-y-container h-column__content h-column__v-align flex-basis-100\">\n                <!---->\n              <\/div>\n            <\/div>\n          <\/div>\n          <div class=\"h-column h-column-container d-flex h-col-lg-auto h-col-md-auto h-col-auto style-369-outer style-local-73-c5-outer\">\n            <div data-colibri-id=\"73-c5\" class=\"d-flex h-flex-basis h-column__inner h-px-lg-2 h-px-md-2 h-px-2 v-inner-lg-2 v-inner-md-2 v-inner-2 style-369 style-local-73-c5 position-relative\">\n              <!---->\n              <!---->\n              <div class=\"w-100 h-y-container h-column__content h-column__v-align flex-basis-100 align-self-lg-center align-self-md-center align-self-center\">\n                <!---->\n                <div data-colibri-id=\"73-c6\" class=\"h-global-transition-all h-heading style-370 style-local-73-c6 position-relative h-element\">\n                  <!---->\n                  <div class=\"h-heading__outer style-370 style-local-73-c6\">\n                    <!---->\n                    <!---->\n                    <h4 class=\"\">Maison des associations subilia<\/h4>\n                  <\/div>\n                <\/div>\n                <div data-colibri-id=\"73-c28\" class=\"h-x-container style-461 style-local-73-c28 position-relative h-element\">\n                  <!---->\n                  <div class=\"h-x-container-inner style-dynamic-73-c28-group style-461-spacing style-local-73-c28-spacing\"><span class=\"h-button__outer style-462-outer style-local-73-c29-outer d-inline-flex h-element\"><a h-use-smooth-scroll=\"true\" href=\"https:\/\/docs.google.com\/forms\/d\/e\/1FAIpQLSdWf6shEbVVWr0C3rgAdh-VW0CiC2JpmpJPPjx1y7-RZXgo3w\/viewform?usp=dialog\" target=\"_blank\"  data-colibri-id=\"73-c29\" class=\"d-flex w-100 align-items-center h-button justify-content-lg-center justify-content-md-center justify-content-center style-462 style-local-73-c29 position-relative\"><!----><!----> <span>Inscription obligatoire<\/span><\/a>\n                    <\/span>\n                  <\/div>\n                <\/div>\n                <div data-colibri-id=\"73-c7\" class=\"h-text h-text-component style-371 style-local-73-c7 position-relative h-element\">\n                  <!---->\n                  <!---->\n                  <div class=\"\">\n                    <p>Les mercredis de 12 \u00e0 13h salle 1<\/p>\n                    <p>Les vendredis de 18 \u00e0 19h<\/p>\n                    <p>Les samedis de 9 \u00e0 10h salle 3<\/p>\n                  <\/div>\n                <\/div>\n                <div data-colibri-id=\"73-c8\" class=\"h-x-container style-372 style-local-73-c8 position-relative h-element\">\n                  <!---->\n                  <div class=\"h-x-container-inner style-dynamic-73-c8-group style-372-spacing style-local-73-c8-spacing\"><span class=\"h-button__outer style-373-outer style-local-73-c9-outer d-inline-flex h-element\"><a h-use-smooth-scroll=\"true\" href=\"https:\/\/maps.app.goo.gl\/7aBHgjQZrds8qjo19\" target=\"_blank\"  data-colibri-id=\"73-c9\" class=\"d-flex w-100 align-items-center h-button justify-content-lg-center justify-content-md-center justify-content-center style-373 style-local-73-c9 position-relative\"><!----><!----> <span>Carte<\/span><\/a>\n                    <\/span>\n                  <\/div>\n                <\/div>\n              <\/div>\n            <\/div>\n          <\/div>\n          <div class=\"h-column h-column-container d-flex h-col-lg-auto h-col-md-auto h-col-auto style-369-outer style-local-73-c10-outer\">\n            <div data-colibri-id=\"73-c10\" class=\"d-flex h-flex-basis h-column__inner h-px-lg-2 h-px-md-2 h-px-2 v-inner-lg-2 v-inner-md-2 v-inner-2 style-369 style-local-73-c10 position-relative\">\n              <!---->\n              <!---->\n              <div class=\"w-100 h-y-container h-column__content h-column__v-align flex-basis-100 align-self-lg-center align-self-md-center align-self-center\">\n                <!---->\n                <div data-colibri-id=\"73-c11\" class=\"h-global-transition-all h-heading style-370 style-local-73-c11 position-relative h-element\">\n                  <!---->\n                  <div class=\"h-heading__outer style-370 style-local-73-c11\">\n                    <!---->\n                    <!---->\n                    <a href=\"https:\/\/maps.app.goo.gl\/4sp1zRimFmSgphyL7\" target=\"_blank\" h-use-smooth-scroll=\"true\">\n                      <h4 class=\"\">Shambaya<\/h4>\n                    <\/a>\n                  <\/div>\n                <\/div>\n                <div data-colibri-id=\"73-c26\" class=\"h-x-container style-459 style-local-73-c26 position-relative h-element\">\n                  <!---->\n                  <div class=\"h-x-container-inner style-dynamic-73-c26-group style-459-spacing style-local-73-c26-spacing\"><span class=\"h-button__outer style-460-outer style-local-73-c27-outer d-inline-flex h-element\"><a h-use-smooth-scroll=\"true\" href=\"https:\/\/docs.google.com\/forms\/d\/e\/1FAIpQLSdWf6shEbVVWr0C3rgAdh-VW0CiC2JpmpJPPjx1y7-RZXgo3w\/viewform?usp=dialog\" target=\"_blank\"  data-colibri-id=\"73-c27\" class=\"d-flex w-100 align-items-center h-button justify-content-lg-center justify-content-md-center justify-content-center style-460 style-local-73-c27 position-relative\"><!----><!----> <span>Inscription obligatoire<\/span><\/a>\n                    <\/span>\n                  <\/div>\n                <\/div>\n                <div data-colibri-id=\"73-c12\" class=\"h-text h-text-component style-371 style-local-73-c12 position-relative h-element\">\n                  <!---->\n                  <!---->\n                  <div class=\"\">\n                    <p>Jeudi :<\/p>\n                    <p>&#8211; de 12h15 \u00e0 13h30<\/p>\n                    <p>&#8211; de 19h15 \u00e0 20h30<\/p>\n                  <\/div>\n                <\/div>\n                <div data-colibri-id=\"73-c13\" class=\"h-x-container style-372 style-local-73-c13 position-relative h-element\">\n                  <!---->\n                  <div class=\"h-x-container-inner style-dynamic-73-c13-group style-372-spacing style-local-73-c13-spacing\"><span class=\"h-button__outer style-373-outer style-local-73-c14-outer d-inline-flex h-element\"><a h-use-smooth-scroll=\"true\" href=\"https:\/\/maps.app.goo.gl\/4sp1zRimFmSgphyL7\" target=\"_blank\"  data-colibri-id=\"73-c14\" class=\"d-flex w-100 align-items-center h-button justify-content-lg-center justify-content-md-center justify-content-center style-373 style-local-73-c14 position-relative\"><!----><!----> <span>Carte<\/span><\/a>\n                    <\/span>\n                  <\/div>\n                <\/div>\n              <\/div>\n            <\/div>\n          <\/div>\n          <div class=\"h-column h-column-container d-flex h-col-lg-auto h-col-md-auto h-col-auto style-374-outer style-local-73-c15-outer\">\n            <div data-colibri-id=\"73-c15\" class=\"d-flex h-flex-basis h-column__inner h-ui-empty-state-container h-px-lg-0 h-px-md-0 h-px-0 v-inner-lg-0 v-inner-md-0 v-inner-0 style-374 style-local-73-c15 position-relative\">\n              <!---->\n              <!---->\n              <div class=\"w-100 h-y-container h-column__content h-column__v-align flex-basis-100\">\n                <!---->\n              <\/div>\n            <\/div>\n          <\/div>\n        <\/div>\n      <\/div>\n    <\/div>\n  <\/div>\n  <div data-colibri-component=\"section\" data-colibri-id=\"73-c16\" id=\"overlappable-2\" class=\"h-section h-section-global-spacing d-flex align-items-lg-center align-items-md-center align-items-center style-375 style-local-73-c16 position-relative\">\n    <!---->\n    <!---->\n    <div class=\"h-section-grid-container h-section-boxed-container\">\n      <!---->\n      <div data-colibri-id=\"73-c17\" class=\"h-row-container gutters-row-lg-2 gutters-row-md-0 gutters-row-2 gutters-row-v-lg-2 gutters-row-v-md-0 gutters-row-v-2 style-376 style-local-73-c17 position-relative\">\n        <!---->\n        <div class=\"h-row justify-content-lg-center justify-content-md-center justify-content-center align-items-lg-stretch align-items-md-stretch align-items-stretch gutters-col-lg-2 gutters-col-md-0 gutters-col-2 gutters-col-v-lg-2 gutters-col-v-md-0 gutters-col-v-2\">\n          <!---->\n          <div class=\"h-column h-column-container d-flex h-col-lg-4 h-col-md-4 h-col-12 style-377-outer style-local-73-c18-outer\">\n            <div data-colibri-id=\"73-c18\" class=\"d-flex h-flex-basis h-column__inner h-px-lg-2 h-px-md-3 h-px-2 v-inner-lg-0 v-inner-md-3 v-inner-2 style-377 style-local-73-c18 position-relative\">\n              <!---->\n              <!---->\n              <div class=\"w-100 h-y-container h-column__content h-column__v-align flex-basis-100 align-self-lg-start align-self-md-start align-self-start\">\n                <!---->\n                <div data-colibri-id=\"73-c19\" class=\"h-global-transition-all h-heading style-379 style-local-73-c19 position-relative h-element\">\n                  <!---->\n                  <div class=\"h-heading__outer style-379 style-local-73-c19\">\n                    <!---->\n                    <!---->\n                    <h5 class=\"\">Tarifs<\/h5>\n                  <\/div>\n                <\/div>\n                <div data-colibri-id=\"73-c24\" class=\"h-x-container style-457 style-local-73-c24 position-relative h-element\">\n                  <!---->\n                  <div class=\"h-x-container-inner style-dynamic-73-c24-group style-457-spacing style-local-73-c24-spacing\"><span class=\"h-button__outer style-458-outer style-local-73-c25-outer d-inline-flex h-element\"><a h-use-smooth-scroll=\"true\" href=\"https:\/\/docs.google.com\/forms\/d\/e\/1FAIpQLSdWf6shEbVVWr0C3rgAdh-VW0CiC2JpmpJPPjx1y7-RZXgo3w\/viewform?usp=dialog\" target=\"_blank\"  data-colibri-id=\"73-c25\" class=\"d-flex w-100 align-items-center h-button justify-content-lg-center justify-content-md-center justify-content-center style-458 style-local-73-c25 position-relative\"><!----><!----> <span>Inscription obligatoire<\/span><\/a>\n                    <\/span>\n                  <\/div>\n                <\/div>\n                <div data-colibri-id=\"73-c20\" class=\"h-text h-text-component style-380 style-local-73-c20 position-relative h-element\">\n                  <!---->\n                  <!---->\n                  <div class=\"\">\n                    <p>Particuliers : 20\u20ac la s\u00e9ance par carnet de 10, 125\u20ac \/ Trimestre,&nbsp;<span style=\"color: rgb(70, 112, 127); font-family: &quot;Open Sans&quot;; font-size: 16px; font-weight: 400;\">300\u20ac \/ An,<\/span> une ou deux s\u00e9ances\/semaine,&nbsp;<\/p>\n                    <p>\n                      <a href=\"https:\/\/www.lequilibreenmouvement.fr\/index.php\/en-entreprise\">Entreprises<\/a> : sur site me contacter au\n                      <br>06 355 65 355.<\/p>\n                    <p>Pas de cours pendant les vacances d\u2019\u00e9t\u00e9.<\/p>\n                  <\/div>\n                <\/div>\n              <\/div>\n            <\/div>\n          <\/div>\n          <div class=\"h-column h-column-container d-flex h-col-lg-4 h-col-md-4 h-col-12 style-377-outer style-local-73-c21-outer\">\n            <div data-colibri-id=\"73-c21\" class=\"d-flex h-flex-basis h-column__inner h-px-lg-2 h-px-md-3 h-px-2 v-inner-lg-0 v-inner-md-3 v-inner-2 style-377 style-local-73-c21 position-relative\">\n              <!---->\n              <!---->\n              <div class=\"w-100 h-y-container h-column__content h-column__v-align flex-basis-100 align-self-lg-start align-self-md-start align-self-start\">\n                <!---->\n                <div data-colibri-id=\"73-c22\" class=\"h-global-transition-all h-heading style-379 style-local-73-c22 position-relative h-element\">\n                  <!---->\n                  <div class=\"h-heading__outer style-379 style-local-73-c22\">\n                    <!---->\n                    <!---->\n                    <h5 class=\"\">Me contacter<\/h5>\n                  <\/div>\n                <\/div>\n                <div data-colibri-id=\"73-c23\" class=\"h-text h-text-component style-380 style-local-73-c23 position-relative h-element\">\n                  <!---->\n                  <!---->\n                  <div class=\"\">\n                    <p>\n                      <a href=\"mailto:contact@lequilibreenmouvement.fr\">Cliquer pour m&rsquo;envoyer un e-mail<\/a>\n                    <\/p>\n                    <p>Emmanuel : 06 355 65 355<\/p>\n                    <p>\n                      <a href=\"https:\/\/www.facebook.com\/Taijiep\" target=\"_blank\" style=\"color: rgb(3, 169, 244); font-size: 1em; font-weight: 400; font-family: &quot;Open Sans&quot;;\" class=\"customize-unpreviewable\">Facebook : Taijiep<\/a>\n                    <\/p>\n                    <p>\n                      <br>\n                    <\/p>\n                  <\/div>\n                <\/div>\n              <\/div>\n            <\/div>\n          <\/div>\n        <\/div>\n      <\/div>\n    <\/div>\n  <\/div>\n<\/div>","protected":false},"excerpt":{"rendered":"<p>Maison des associations subilia Inscription obligatoire Les mercredis de 12 \u00e0 13h salle 1 Les vendredis de 18 \u00e0 19h Les samedis de 9 \u00e0 10h salle 3 Carte Shambaya Inscription obligatoire Jeudi : &#8211; de 12h15 \u00e0 13h30 &#8211; de 19h15 \u00e0 20h30 Carte Tarifs Inscription obligatoire Particuliers : 20\u20ac la s\u00e9ance par carnet [&hellip;]<\/p>\n","protected":false},"author":1,"featured_media":0,"parent":0,"menu_order":0,"comment_status":"closed","ping_status":"closed","template":"page-templates\/full-width-page.php","meta":{"footnotes":""},"class_list":["post-73","page","type-page","status-publish","hentry"],"jetpack_sharing_enabled":true,"jetpack_likes_enabled":true,"_links":{"self":[{"href":"https:\/\/www.lequilibreenmouvement.fr\/index.php\/wp-json\/wp\/v2\/pages\/73","targetHints":{"allow":["GET"]}}],"collection":[{"href":"https:\/\/www.lequilibreenmouvement.fr\/index.php\/wp-json\/wp\/v2\/pages"}],"about":[{"href":"https:\/\/www.lequilibreenmouvement.fr\/index.php\/wp-json\/wp\/v2\/types\/page"}],"author":[{"embeddable":true,"href":"https:\/\/www.lequilibreenmouvement.fr\/index.php\/wp-json\/wp\/v2\/users\/1"}],"replies":[{"embeddable":true,"href":"https:\/\/www.lequilibreenmouvement.fr\/index.php\/wp-json\/wp\/v2\/comments?post=73"}],"version-history":[{"count":12,"href":"https:\/\/www.lequilibreenmouvement.fr\/index.php\/wp-json\/wp\/v2\/pages\/73\/revisions"}],"predecessor-version":[{"id":720,"href":"https:\/\/www.lequilibreenmouvement.fr\/index.php\/wp-json\/wp\/v2\/pages\/73\/revisions\/720"}],"wp:attachment":[{"href":"https:\/\/www.lequilibreenmouvement.fr\/index.php\/wp-json\/wp\/v2\/media?parent=73"}],"curies":[{"name":"wp","href":"https:\/\/api.w.org\/{rel}","templated":true}]}}