{"id":441,"date":"2026-02-04T12:06:00","date_gmt":"2026-02-04T11:06:00","guid":{"rendered":"https:\/\/www.lequilibreenmouvement.fr\/?page_id=441"},"modified":"2026-02-04T12:43:21","modified_gmt":"2026-02-04T11:43:21","slug":"mentions-legales","status":"publish","type":"page","link":"https:\/\/www.lequilibreenmouvement.fr\/index.php\/mentions-legales\/","title":{"rendered":"Mentions l\u00e9gales"},"content":{"rendered":"<div data-colibri-id=\"441-c1\" class=\"style-440 style-local-441-c1 position-relative\">\n  <!---->\n  <div data-colibri-component=\"section\" data-colibri-id=\"441-c2\" id=\"custom\" class=\"h-section h-section-global-spacing d-flex align-items-lg-center align-items-md-center align-items-center style-441 style-local-441-c2 position-relative\">\n    <!---->\n    <!---->\n    <div class=\"h-section-grid-container h-section-boxed-container\">\n      <!---->\n      <div data-colibri-id=\"441-c3\" class=\"h-row-container gutters-row-lg-2 gutters-row-md-2 gutters-row-0 gutters-row-v-lg-2 gutters-row-v-md-2 gutters-row-v-2 style-442 style-local-441-c3 position-relative\">\n        <!---->\n        <div class=\"h-row justify-content-lg-center justify-content-md-center justify-content-center align-items-lg-stretch align-items-md-stretch align-items-stretch gutters-col-lg-2 gutters-col-md-2 gutters-col-0 gutters-col-v-lg-2 gutters-col-v-md-2 gutters-col-v-2\">\n          <!---->\n          <div class=\"h-column h-column-container d-flex h-col-lg-auto h-col-md-auto h-col-auto style-443-outer style-local-441-c4-outer\">\n            <div data-colibri-id=\"441-c4\" class=\"d-flex h-flex-basis h-column__inner h-px-lg-2 h-px-md-2 h-px-2 v-inner-lg-2 v-inner-md-2 v-inner-2 style-443 style-local-441-c4 position-relative\">\n              <!---->\n              <!---->\n              <div class=\"w-100 h-y-container h-column__content h-column__v-align flex-basis-100 align-self-lg-start align-self-md-start align-self-start\">\n                <!---->\n                <div data-colibri-id=\"441-c5\" class=\"h-text h-text-component style-444 style-local-441-c5 position-relative h-element\">\n                  <!---->\n                  <!---->\n                  <div class=\"\">\n                    <h4>1. \u00c9diteur du site<\/h4>\n                    <p>Nom de l\u2019association : L&rsquo;\u00e9quilibre en mouvement\n                      <br> Forme juridique : Association loi 1901\n                      <br> Adresse du si\u00e8ge social : 1 b rue Gueymard, 13600 La Ciotat\n                      <br> Num\u00e9ro RNA :&nbsp;W133035955\n                      <br> E\u2011mail :\n                      <a href=\"mailto:contact@lequilibreenmouvement.fr\">contact at lequilibreenmouvement.fr<\/a>\n                      <br> T\u00e9l\u00e9phone : 06 355 65 355<\/p>\n                    <p>Directeur de la publication : Emmanuel Poirriez<\/p>\n                    <h4>2. H\u00e9bergeur du site<\/h4>\n                    <p>H\u00e9bergeur du site : OVH, Roubaix\n                      <br>\n                    <\/p>\n                    <h4>3. Objet de l\u2019association<\/h4>\n                    <p>L\u2019association L&rsquo;\u00e9quilibre en mouvement a pour objet l\u2019organisation et la promotion de cours, ateliers, stages et \u00e9v\u00e9nements autour de la pratique du taichi chuan et des disciplines associ\u00e9es.<\/p>\n                    <h4>4. Propri\u00e9t\u00e9 intellectuelle<\/h4>\n                    <p>Les textes, photos, vid\u00e9os, logos et plus g\u00e9n\u00e9ralement l\u2019ensemble des contenus pr\u00e9sents sur le site lequilibreenmouvement.fr sont la propri\u00e9t\u00e9 de <span style=\"color: rgb(70, 112, 127); font-family: &quot;Open Sans&quot;; font-size: 16px; font-weight: 400;\">L&rsquo;\u00e9quilibre en mouvement<\/span>,\n                      sauf mention contraire.\n                      <br> Toute reproduction, repr\u00e9sentation, modification ou diffusion, totale ou partielle, est interdite sans l\u2019autorisation \u00e9crite pr\u00e9alable de l\u2019association.<\/p>\n                    <h4>5. Donn\u00e9es personnelles<\/h4>\n                    <p>Les informations collect\u00e9es via les formulaires (contact, demande d\u2019inscription, newsletter, etc.) sont destin\u00e9es uniquement \u00e0 la gestion des demandes, des adh\u00e9sions et \u00e0 l\u2019organisation des activit\u00e9s de l\u2019association.\n                      <br> Conform\u00e9ment \u00e0 la r\u00e9glementation en vigueur sur la protection des donn\u00e9es, vous disposez d\u2019un droit d\u2019acc\u00e8s, de rectification, d\u2019effacement et d\u2019opposition concernant vos donn\u00e9es.<\/p>\n                    <p>Pour exercer vos droits :<\/p>\n                    <ul>\n                      <li>Par e\u2011mail :\n                        <a href=\"mailto:contact@lequilibreenmouvement.fr\" style=\"color: rgb(0, 102, 204); font-size: 16px; font-weight: 400; font-family: &quot;Open Sans&quot;;\">contact at lequilibreenmouvement.fr<\/a>\n                      <\/li>\n                      <li>Par courrier : <span style=\"font-weight: 400; font-size: 16px; font-family: &quot;Open Sans&quot;; color: rgb(70, 112, 127);\">1 b rue Gueymard, 13600 La Ciotat<\/span><\/li>\n                    <\/ul>\n                    <h4>6. Cookies<\/h4>\n                    <p>Le site <span style=\"font-weight: 400; font-size: 16px; font-family: &quot;Open Sans&quot;; color: rgb(70, 112, 127);\">lequilibreenmouvement.fr<\/span> peut utiliser des cookies de mesure d\u2019audience et\/ou de confort de navigation.\n                      <br> Vous pouvez configurer votre navigateur pour les refuser ou \u00eatre inform\u00e9 de leur d\u00e9p\u00f4t.<\/p>\n                    <h4>7. Responsabilit\u00e9<\/h4>\n                    <p>L\u2019association <span style=\"font-weight: 400; font-size: 16px; font-family: &quot;Open Sans&quot;; color: rgb(70, 112, 127);\">L&rsquo;\u00e9quilibre en mouvement<\/span> met tout en \u0153uvre pour proposer des informations \u00e0 jour et exactes. Elle ne\n                      saurait toutefois \u00eatre tenue responsable des erreurs, omissions ou indisponibilit\u00e9s temporaires du site, ni de l\u2019utilisation qui pourrait \u00eatre faite des informations publi\u00e9es.\n                      <br> L\u2019association n\u2019est pas responsable des contenus des sites externes vers lesquels renvoient d\u2019\u00e9ventuels liens hypertextes.<\/p>\n                    <h4>8. Droit applicable<\/h4>\n                    <p>Le pr\u00e9sent site et les mentions l\u00e9gales sont soumis au droit fran\u00e7ais.<\/p>\n                  <\/div>\n                <\/div>\n              <\/div>\n            <\/div>\n          <\/div>\n        <\/div>\n      <\/div>\n    <\/div>\n  <\/div>\n<\/div>","protected":false},"excerpt":{"rendered":"<p>1. \u00c9diteur du site Nom de l\u2019association : L&rsquo;\u00e9quilibre en mouvement Forme juridique : Association loi 1901 Adresse du si\u00e8ge social : 1 b rue Gueymard, 13600 La Ciotat Num\u00e9ro RNA :&nbsp;W133035955 E\u2011mail : contact at lequilibreenmouvement.fr T\u00e9l\u00e9phone : 06 355 65 355 Directeur de la publication : Emmanuel Poirriez 2. H\u00e9bergeur du site H\u00e9bergeur [&hellip;]<\/p>\n","protected":false},"author":1,"featured_media":0,"parent":0,"menu_order":0,"comment_status":"closed","ping_status":"closed","template":"page-templates\/full-width-page.php","meta":{"footnotes":""},"class_list":["post-441","page","type-page","status-publish","hentry"],"jetpack_sharing_enabled":true,"jetpack_likes_enabled":true,"_links":{"self":[{"href":"https:\/\/www.lequilibreenmouvement.fr\/index.php\/wp-json\/wp\/v2\/pages\/441","targetHints":{"allow":["GET"]}}],"collection":[{"href":"https:\/\/www.lequilibreenmouvement.fr\/index.php\/wp-json\/wp\/v2\/pages"}],"about":[{"href":"https:\/\/www.lequilibreenmouvement.fr\/index.php\/wp-json\/wp\/v2\/types\/page"}],"author":[{"embeddable":true,"href":"https:\/\/www.lequilibreenmouvement.fr\/index.php\/wp-json\/wp\/v2\/users\/1"}],"replies":[{"embeddable":true,"href":"https:\/\/www.lequilibreenmouvement.fr\/index.php\/wp-json\/wp\/v2\/comments?post=441"}],"version-history":[{"count":3,"href":"https:\/\/www.lequilibreenmouvement.fr\/index.php\/wp-json\/wp\/v2\/pages\/441\/revisions"}],"predecessor-version":[{"id":492,"href":"https:\/\/www.lequilibreenmouvement.fr\/index.php\/wp-json\/wp\/v2\/pages\/441\/revisions\/492"}],"wp:attachment":[{"href":"https:\/\/www.lequilibreenmouvement.fr\/index.php\/wp-json\/wp\/v2\/media?parent=441"}],"curies":[{"name":"wp","href":"https:\/\/api.w.org\/{rel}","templated":true}]}}